{"id":9116,"date":"2025-05-25T20:09:02","date_gmt":"2025-05-26T03:09:02","guid":{"rendered":"https:\/\/leif104.sg-host.com\/hive-sobre-ruedas\/"},"modified":"2025-07-21T15:49:49","modified_gmt":"2025-07-21T22:49:49","slug":"hive-sobre-ruedas","status":"publish","type":"page","link":"https:\/\/behively.org\/es\/hive-sobre-ruedas\/","title":{"rendered":"Hive On Wheels | Recursos en Ruedas"},"content":{"rendered":"\t\t<div data-elementor-type=\"wp-page\" data-elementor-id=\"9116\" class=\"elementor elementor-9116 elementor-6046\" data-elementor-post-type=\"page\">\n\t\t\t\t<div class=\"elementor-element elementor-element-2e67ca9 e-flex e-con-boxed e-con e-parent\" data-id=\"2e67ca9\" data-element_type=\"container\" data-e-type=\"container\" data-settings=\"{&quot;background_background&quot;:&quot;classic&quot;}\">\n\t\t\t\t\t<div class=\"e-con-inner\">\n\t\t<div class=\"elementor-element elementor-element-6352c98 e-con-full e-flex e-con e-child\" data-id=\"6352c98\" data-element_type=\"container\" data-e-type=\"container\">\n\t\t\t\t<div class=\"elementor-element elementor-element-7c40c18 elementor-widget elementor-widget-breadcrumbs\" data-id=\"7c40c18\" data-element_type=\"widget\" data-e-type=\"widget\" data-widget_type=\"breadcrumbs.default\">\n\t\t\t\t\t<div id=\"breadcrumbs\"><span><span><a href=\"https:\/\/behively.org\/es\/\">Home<\/a><\/span><\/span><\/div>\t\t\t\t<\/div>\n\t\t\t\t<div class=\"elementor-element elementor-element-5fac836 elementor-widget-mobile__width-inherit elementor-widget elementor-widget-heading\" data-id=\"5fac836\" data-element_type=\"widget\" data-e-type=\"widget\" data-widget_type=\"heading.default\">\n\t\t\t\t\t<h1 class=\"elementor-heading-title elementor-size-default\">Bienvenido a Hive On Wheels<\/h1>\t\t\t\t<\/div>\n\t\t\t\t<div class=\"elementor-element elementor-element-1ac6d84 elementor-widget elementor-widget-text-editor\" data-id=\"1ac6d84\" data-element_type=\"widget\" data-e-type=\"widget\" data-widget_type=\"text-editor.default\">\n\t\t\t\t\t\t\t\t\t<p>Hive On Wheels es un centro de recursos m\u00f3vil que permite a Hively llevar sus servicios a donde quiera que vaya. Al presentarnos en un parque, feria, festival o evento comunitario, Hive sobre ruedas se asegura de que el transporte no sea un obst\u00e1culo para conseguir recursos esenciales. <\/p>\t\t\t\t\t\t\t\t<\/div>\n\t\t\t\t<\/div>\n\t\t<div class=\"elementor-element elementor-element-73b2ce1 e-con-full e-flex e-con e-child\" data-id=\"73b2ce1\" data-element_type=\"container\" data-e-type=\"container\">\n\t\t\t\t<div class=\"elementor-element elementor-element-e51b6bf elementor-widget-mobile__width-inherit elementor-absolute elementor-widget elementor-widget-image\" data-id=\"e51b6bf\" data-element_type=\"widget\" data-e-type=\"widget\" data-settings=\"{&quot;_position&quot;:&quot;absolute&quot;}\" data-widget_type=\"image.default\">\n\t\t\t\t\t\t\t\t\t\t\t\t\t\t\t<img fetchpriority=\"high\" decoding=\"async\" width=\"1152\" height=\"1536\" src=\"https:\/\/behively.org\/wp-content\/uploads\/2025\/06\/HOW-image-3-1-1152x1536.webp\" class=\"attachment-1536x1536 size-1536x1536 wp-image-7023\" alt=\"Hive on wheels: bringing resources to you\" srcset=\"https:\/\/behively.org\/wp-content\/uploads\/2025\/06\/HOW-image-3-1-1152x1536.webp 1152w, https:\/\/behively.org\/wp-content\/uploads\/2025\/06\/HOW-image-3-1-225x300.webp 225w, https:\/\/behively.org\/wp-content\/uploads\/2025\/06\/HOW-image-3-1-768x1024.webp 768w, https:\/\/behively.org\/wp-content\/uploads\/2025\/06\/HOW-image-3-1.webp 1200w\" sizes=\"(max-width: 1152px) 100vw, 1152px\" \/>\t\t\t\t\t\t\t\t\t\t\t\t\t\t\t<\/div>\n\t\t\t\t<\/div>\n\t\t\t\t<div class=\"elementor-element elementor-element-5d917b3 elementor-widget__width-initial elementor-absolute hex-bg elementor-widget elementor-widget-image\" data-id=\"5d917b3\" data-element_type=\"widget\" data-e-type=\"widget\" data-settings=\"{&quot;_position&quot;:&quot;absolute&quot;}\" data-widget_type=\"image.default\">\n\t\t\t\t\t\t\t\t\t\t\t\t\t\t\t<img decoding=\"async\" width=\"1\" height=\"1\" src=\"https:\/\/behively.org\/wp-content\/uploads\/2025\/04\/hex-group.svg\" class=\"attachment-2048x2048 size-2048x2048 wp-image-4699\" alt=\"\" \/>\t\t\t\t\t\t\t\t\t\t\t\t\t\t\t<\/div>\n\t\t\t\t\t<\/div>\n\t\t\t\t<\/div>\n\t\t<div class=\"elementor-element elementor-element-49c9d2f box-pad e-flex e-con-boxed e-con e-parent\" data-id=\"49c9d2f\" data-element_type=\"container\" data-e-type=\"container\" data-settings=\"{&quot;background_background&quot;:&quot;classic&quot;}\">\n\t\t\t\t\t<div class=\"e-con-inner\">\n\t\t<div class=\"elementor-element elementor-element-61430a4 e-con-full text-content e-flex e-con e-child\" data-id=\"61430a4\" data-element_type=\"container\" data-e-type=\"container\" data-settings=\"{&quot;background_background&quot;:&quot;classic&quot;}\">\n\t\t\t\t<div class=\"elementor-element elementor-element-8f27057 elementor-widget elementor-widget-text-editor\" data-id=\"8f27057\" data-element_type=\"widget\" data-e-type=\"widget\" data-widget_type=\"text-editor.default\">\n\t\t\t\t\t\t\t\t\t<h3>\u00bfQu\u00e9 es Hive On Wheels?<\/h3><p>Con art\u00edculos esenciales como pa\u00f1ales, toallitas h\u00famedas, ropa infantil, libros y m\u00e1s, Hive sobre ruedas es una soluci\u00f3n flexible para llegar a las familias donde se encuentren. Cada evento de Hive sobre ruedas incluye un espacio amable y seguro para que los ni\u00f1os se diviertan y jueguen, mientras que los padres y cuidadores hablan con el personal de Hively para informarse y preinscribirse en nuestros servicios. <\/p>\t\t\t\t\t\t\t\t<\/div>\n\t\t\t\t<div class=\"elementor-element elementor-element-0aabca1 elementor-widget elementor-widget-text-editor\" data-id=\"0aabca1\" data-element_type=\"widget\" data-e-type=\"widget\" data-widget_type=\"text-editor.default\">\n\t\t\t\t\t\t\t\t\t<h3>Nuestros servicios<\/h3><p>Visita Hive On Wheels para conseguir:<\/p><ul><li>Art\u00edculos esenciales gratuitos, como pa\u00f1ales, toallitas h\u00famedas, libros, ropa infantil y otros art\u00edculos espec\u00edficos del evento<\/li><li><span style=\"font-weight: 400;\">Actividades beneficiosas para ni\u00f1os peque\u00f1os, como la hora del cuento, baile, burbujas e incluso apariciones especiales de nuestra querida mascota, Honey<\/span><\/li><li>Informaci\u00f3n del personal de Hively sobre los servicios que ofrecemos, incluyendo ayuda con el cuidado infantil, terapia de salud mental, recursos para familias y m\u00e1s<\/li><\/ul>\t\t\t\t\t\t\t\t<\/div>\n\t\t\t\t<\/div>\n\t\t<div class=\"elementor-element elementor-element-c5a155b e-con-full box-pad round-corner e-flex e-con e-child\" data-id=\"c5a155b\" data-element_type=\"container\" data-e-type=\"container\" data-settings=\"{&quot;background_background&quot;:&quot;classic&quot;}\">\n\t\t\t\t<div class=\"elementor-element elementor-element-fc43354 elementor-widget elementor-widget-heading\" data-id=\"fc43354\" data-element_type=\"widget\" data-e-type=\"widget\" data-widget_type=\"heading.default\">\n\t\t\t\t\t<h3 class=\"elementor-heading-title elementor-size-default\">\u00danete a nosotros<\/h3>\t\t\t\t<\/div>\n\t\t\t\t<div class=\"elementor-element elementor-element-19ed884 elementor-widget elementor-widget-text-editor\" data-id=\"19ed884\" data-element_type=\"widget\" data-e-type=\"widget\" data-widget_type=\"text-editor.default\">\n\t\t\t\t\t\t\t\t\t<p>Queremos asegurarnos de que cada familia del condado de Alameda tenga lo que necesita para desarrollarse con \u00e9xito. Mantente al d\u00eda con respecto a Hive On Wheels y otras actividades de Hively. <\/p>\t\t\t\t\t\t\t\t<\/div>\n\t\t\t\t<div class=\"elementor-element elementor-element-707fe71 primary-btn btn-shadow elementor-mobile-align-justify elementor-widget-mobile__width-inherit elementor-widget elementor-widget-button\" data-id=\"707fe71\" data-element_type=\"widget\" data-e-type=\"widget\" data-widget_type=\"button.default\">\n\t\t\t\t\t\t\t\t\t\t<a class=\"elementor-button elementor-button-link elementor-size-sm elementor-animation-float\" href=\"#elementor-action%3Aaction%3Dpopup%3Aopen%26settings%3DeyJpZCI6ODA3OSwidG9nZ2xlIjpmYWxzZX0%3D\">\n\t\t\t\t\t\t<span class=\"elementor-button-content-wrapper\">\n\t\t\t\t\t\t\t\t\t<span class=\"elementor-button-text\">\u00a1Reg\u00edstrate!<\/span>\n\t\t\t\t\t<\/span>\n\t\t\t\t\t<\/a>\n\t\t\t\t\t\t\t\t<\/div>\n\t\t\t\t<\/div>\n\t\t\t\t\t<\/div>\n\t\t\t\t<\/div>\n\t\t<div class=\"elementor-element elementor-element-a610831 box-pad e-flex e-con-boxed e-con e-parent\" data-id=\"a610831\" data-element_type=\"container\" data-e-type=\"container\">\n\t\t\t\t\t<div class=\"e-con-inner\">\n\t\t<div class=\"elementor-element elementor-element-b657a58 e-con-full e-flex e-con e-child\" data-id=\"b657a58\" data-element_type=\"container\" data-e-type=\"container\">\n\t\t\t\t<div class=\"elementor-element elementor-element-0993163 elementor-widget-mobile__width-inherit elementor-widget elementor-widget-image\" data-id=\"0993163\" data-element_type=\"widget\" data-e-type=\"widget\" data-widget_type=\"image.default\">\n\t\t\t\t\t\t\t\t\t\t\t\t\t\t\t<img decoding=\"async\" width=\"512\" height=\"384\" src=\"https:\/\/behively.org\/wp-content\/uploads\/2025\/06\/HOW-image-1.webp\" class=\"attachment-1536x1536 size-1536x1536 wp-image-7021\" alt=\"Hive on wheels\" srcset=\"https:\/\/behively.org\/wp-content\/uploads\/2025\/06\/HOW-image-1.webp 512w, https:\/\/behively.org\/wp-content\/uploads\/2025\/06\/HOW-image-1-300x225.webp 300w\" sizes=\"(max-width: 512px) 100vw, 512px\" \/>\t\t\t\t\t\t\t\t\t\t\t\t\t\t\t<\/div>\n\t\t\t\t<div class=\"elementor-element elementor-element-f26ce29 elementor-absolute elementor-widget elementor-widget-image\" data-id=\"f26ce29\" data-element_type=\"widget\" data-e-type=\"widget\" data-settings=\"{&quot;_position&quot;:&quot;absolute&quot;}\" data-widget_type=\"image.default\">\n\t\t\t\t\t\t\t\t\t\t\t\t\t\t\t<img loading=\"lazy\" decoding=\"async\" width=\"1\" height=\"1\" src=\"https:\/\/behively.org\/wp-content\/uploads\/2025\/04\/hex-red.svg\" class=\"attachment-large size-large wp-image-4509\" alt=\"\" \/>\t\t\t\t\t\t\t\t\t\t\t\t\t\t\t<\/div>\n\t\t\t\t<\/div>\n\t\t<div class=\"elementor-element elementor-element-259079b e-con-full e-flex e-con e-child\" data-id=\"259079b\" data-element_type=\"container\" data-e-type=\"container\">\n\t\t\t\t<div class=\"elementor-element elementor-element-fbc2483 elementor-widget-tablet__width-inherit elementor-cta--skin-classic elementor-animated-content elementor-bg-transform elementor-bg-transform-zoom-in elementor-widget elementor-widget-call-to-action\" data-id=\"fbc2483\" data-element_type=\"widget\" data-e-type=\"widget\" data-widget_type=\"call-to-action.default\">\n\t\t\t\t\t\t\t<div class=\"elementor-cta\">\n\t\t\t\t\t\t\t<div class=\"elementor-cta__content\">\n\t\t\t\t\n\t\t\t\t\t\t\t\t\t<h2 class=\"elementor-cta__title elementor-cta__content-item elementor-content-item\">\n\t\t\t\t\t\t\u00a1Reun\u00e1monos!\t\t\t\t\t<\/h2>\n\t\t\t\t\n\t\t\t\t\t\t\t\t\t<div class=\"elementor-cta__description elementor-cta__content-item elementor-content-item\">\n\t\t\t\t\t\t<p>Si nos ves en tu comunidad, pasa y sal\u00fadanos. Si te interesan nuestros servicios, quieres explorar nuestros productos o acompa\u00f1arnos en nuestra misi\u00f3n de brindar recursos que fortalezcan y apoyen a los ni\u00f1os y sus familias, nos encantar\u00eda conocerte.  <\/p>\n\n<p>Siempre buscamos colaboradores. \u00bfTe gustar\u00eda que Hive On Wheels visite tu organizaci\u00f3n o evento comunitario en el condado de Alameda? <\/p>\t\t\t\t\t<\/div>\n\t\t\t\t\n\t\t\t\t\t\t\t\t\t<div class=\"elementor-cta__button-wrapper elementor-cta__content-item elementor-content-item \">\n\t\t\t\t\t<a class=\"elementor-cta__button elementor-button elementor-size-\" href=\"https:\/\/behively.org\/es\/contactanos\/\">\n\t\t\t\t\t\tCont\u00e1ctanos para coordinar\t\t\t\t\t<\/a>\n\t\t\t\t\t<\/div>\n\t\t\t\t\t\t\t<\/div>\n\t\t\t\t\t\t<\/div>\n\t\t\t\t\t\t<\/div>\n\t\t\t\t<\/div>\n\t\t\t\t\t<\/div>\n\t\t\t\t<\/div>\n\t\t<div class=\"elementor-element elementor-element-0045a59 box-pad e-flex e-con-boxed e-con e-parent\" data-id=\"0045a59\" data-element_type=\"container\" data-e-type=\"container\">\n\t\t\t\t\t<div class=\"e-con-inner\">\n\t\t<div class=\"elementor-element elementor-element-03947a2 e-con-full box-pad round-corner e-flex e-con e-child\" data-id=\"03947a2\" data-element_type=\"container\" data-e-type=\"container\" data-settings=\"{&quot;background_background&quot;:&quot;classic&quot;}\">\n\t\t\t\t<div class=\"elementor-element elementor-element-0d560f8 elementor-widget elementor-widget-text-editor\" data-id=\"0d560f8\" data-element_type=\"widget\" data-e-type=\"widget\" data-widget_type=\"text-editor.default\">\n\t\t\t\t\t\t\t\t\t<p>Un agradecimiento especial a nuestros aliados de SupplyBank, First 5 del condado de Alameda y la Oficina de Servicios Sociales del condado de Alameda por su apoyo a nuestro programa de distribuci\u00f3n de pa\u00f1ales.<\/p>\t\t\t\t\t\t\t\t<\/div>\n\t\t\t\t<\/div>\n\t\t\t\t<div class=\"elementor-element elementor-element-073b35f elementor-widget elementor-widget-spacer\" data-id=\"073b35f\" data-element_type=\"widget\" data-e-type=\"widget\" data-widget_type=\"spacer.default\">\n\t\t\t\t\t\t\t<div class=\"elementor-spacer\">\n\t\t\t<div class=\"elementor-spacer-inner\"><\/div>\n\t\t<\/div>\n\t\t\t\t\t\t<\/div>\n\t\t\t\t\t<\/div>\n\t\t\t\t<\/div>\n\t\t\t\t<\/div>\n\t\t","protected":false},"excerpt":{"rendered":"<p>Bienvenido a Hive On Wheels Hive On Wheels es un centro de recursos m\u00f3vil que permite a Hively llevar sus servicios a donde quiera que vaya. Al presentarnos en un [&hellip;]<\/p>\n","protected":false},"author":3,"featured_media":0,"parent":0,"menu_order":0,"comment_status":"closed","ping_status":"closed","template":"","meta":{"_acf_changed":false,"give_campaign_id":0,"_monsterinsights_skip_tracking":false,"_monsterinsights_sitenote_active":false,"_monsterinsights_sitenote_note":"","_monsterinsights_sitenote_category":0,"footnotes":"","_links_to":"","_links_to_target":""},"class_list":["post-9116","page","type-page","status-publish","hentry"],"acf":[],"yoast_head":"<!-- This site is optimized with the Yoast SEO plugin v27.6 - https:\/\/yoast.com\/product\/yoast-seo-wordpress\/ -->\n<title>Hive On Wheels | Recursos en Ruedas<\/title>\n<meta name=\"description\" content=\"Hive On Wheels es un centro de recursos m\u00f3vil que permite a Hively llevar sus servicios a donde quiera que vaya.\" \/>\n<meta name=\"robots\" content=\"index, follow, max-snippet:-1, max-image-preview:large, max-video-preview:-1\" \/>\n<link rel=\"canonical\" href=\"https:\/\/behively.org\/es\/hive-sobre-ruedas\/\" \/>\n<meta property=\"og:locale\" content=\"es_ES\" \/>\n<meta property=\"og:type\" content=\"article\" \/>\n<meta property=\"og:title\" content=\"Hive On Wheels | Recursos en Ruedas\" \/>\n<meta property=\"og:description\" content=\"Hive On Wheels es un centro de recursos m\u00f3vil que permite a Hively llevar sus servicios a donde quiera que vaya.\" \/>\n<meta property=\"og:url\" content=\"https:\/\/behively.org\/es\/hive-sobre-ruedas\/\" \/>\n<meta property=\"og:site_name\" content=\"Hively\" \/>\n<meta property=\"article:publisher\" content=\"https:\/\/www.facebook.com\/HivelyCommunity\" \/>\n<meta property=\"article:modified_time\" content=\"2025-07-21T22:49:49+00:00\" \/>\n<meta property=\"og:image\" content=\"https:\/\/behively.org\/wp-content\/uploads\/2025\/06\/HOW-image-3-1-1152x1536.webp\" \/>\n<meta name=\"twitter:card\" content=\"summary_large_image\" \/>\n<meta name=\"twitter:site\" content=\"@BeHively\" \/>\n<meta name=\"twitter:label1\" content=\"Tiempo de lectura\" \/>\n\t<meta name=\"twitter:data1\" content=\"2 minutos\" \/>\n<script type=\"application\/ld+json\" class=\"yoast-schema-graph\">{\"@context\":\"https:\\\/\\\/schema.org\",\"@graph\":[{\"@type\":\"WebPage\",\"@id\":\"https:\\\/\\\/behively.org\\\/es\\\/hive-sobre-ruedas\\\/\",\"url\":\"https:\\\/\\\/behively.org\\\/es\\\/hive-sobre-ruedas\\\/\",\"name\":\"Hive On Wheels | Recursos en Ruedas\",\"isPartOf\":{\"@id\":\"https:\\\/\\\/behively.org\\\/es\\\/#website\"},\"primaryImageOfPage\":{\"@id\":\"https:\\\/\\\/behively.org\\\/es\\\/hive-sobre-ruedas\\\/#primaryimage\"},\"image\":{\"@id\":\"https:\\\/\\\/behively.org\\\/es\\\/hive-sobre-ruedas\\\/#primaryimage\"},\"thumbnailUrl\":\"https:\\\/\\\/behively.org\\\/wp-content\\\/uploads\\\/2025\\\/06\\\/HOW-image-3-1-1152x1536.webp\",\"datePublished\":\"2025-05-26T03:09:02+00:00\",\"dateModified\":\"2025-07-21T22:49:49+00:00\",\"description\":\"Hive On Wheels es un centro de recursos m\u00f3vil que permite a Hively llevar sus servicios a donde quiera que vaya.\",\"breadcrumb\":{\"@id\":\"https:\\\/\\\/behively.org\\\/es\\\/hive-sobre-ruedas\\\/#breadcrumb\"},\"inLanguage\":\"es\",\"potentialAction\":[{\"@type\":\"ReadAction\",\"target\":[\"https:\\\/\\\/behively.org\\\/es\\\/hive-sobre-ruedas\\\/\"]}]},{\"@type\":\"ImageObject\",\"inLanguage\":\"es\",\"@id\":\"https:\\\/\\\/behively.org\\\/es\\\/hive-sobre-ruedas\\\/#primaryimage\",\"url\":\"https:\\\/\\\/behively.org\\\/wp-content\\\/uploads\\\/2025\\\/06\\\/HOW-image-3-1-1152x1536.webp\",\"contentUrl\":\"https:\\\/\\\/behively.org\\\/wp-content\\\/uploads\\\/2025\\\/06\\\/HOW-image-3-1-1152x1536.webp\"},{\"@type\":\"BreadcrumbList\",\"@id\":\"https:\\\/\\\/behively.org\\\/es\\\/hive-sobre-ruedas\\\/#breadcrumb\",\"itemListElement\":[{\"@type\":\"ListItem\",\"position\":1,\"name\":\"Home\",\"item\":\"https:\\\/\\\/behively.org\\\/es\\\/\"},{\"@type\":\"ListItem\",\"position\":2,\"name\":\"Hive On Wheels | Recursos en Ruedas\"}]},{\"@type\":\"WebSite\",\"@id\":\"https:\\\/\\\/behively.org\\\/es\\\/#website\",\"url\":\"https:\\\/\\\/behively.org\\\/es\\\/\",\"name\":\"Hively\",\"description\":\"\",\"publisher\":{\"@id\":\"https:\\\/\\\/behively.org\\\/es\\\/#organization\"},\"potentialAction\":[{\"@type\":\"SearchAction\",\"target\":{\"@type\":\"EntryPoint\",\"urlTemplate\":\"https:\\\/\\\/behively.org\\\/es\\\/?s={search_term_string}\"},\"query-input\":{\"@type\":\"PropertyValueSpecification\",\"valueRequired\":true,\"valueName\":\"search_term_string\"}}],\"inLanguage\":\"es\"},{\"@type\":\"Organization\",\"@id\":\"https:\\\/\\\/behively.org\\\/es\\\/#organization\",\"name\":\"Hively\",\"url\":\"https:\\\/\\\/behively.org\\\/es\\\/\",\"logo\":{\"@type\":\"ImageObject\",\"inLanguage\":\"es\",\"@id\":\"https:\\\/\\\/behively.org\\\/es\\\/#\\\/schema\\\/logo\\\/image\\\/\",\"url\":\"https:\\\/\\\/behively.org\\\/wp-content\\\/uploads\\\/2025\\\/04\\\/hively-logo.webp\",\"contentUrl\":\"https:\\\/\\\/behively.org\\\/wp-content\\\/uploads\\\/2025\\\/04\\\/hively-logo.webp\",\"width\":559,\"height\":200,\"caption\":\"Hively\"},\"image\":{\"@id\":\"https:\\\/\\\/behively.org\\\/es\\\/#\\\/schema\\\/logo\\\/image\\\/\"},\"sameAs\":[\"https:\\\/\\\/www.facebook.com\\\/HivelyCommunity\",\"https:\\\/\\\/x.com\\\/BeHively\",\"https:\\\/\\\/www.instagram.com\\\/behively\\\/\",\"https:\\\/\\\/www.linkedin.com\\\/company\\\/behively\\\/about\\\/\"]}]}<\/script>\n<!-- \/ Yoast SEO plugin. -->","yoast_head_json":{"title":"Hive On Wheels | Recursos en Ruedas","description":"Hive On Wheels es un centro de recursos m\u00f3vil que permite a Hively llevar sus servicios a donde quiera que vaya.","robots":{"index":"index","follow":"follow","max-snippet":"max-snippet:-1","max-image-preview":"max-image-preview:large","max-video-preview":"max-video-preview:-1"},"canonical":"https:\/\/behively.org\/es\/hive-sobre-ruedas\/","og_locale":"es_ES","og_type":"article","og_title":"Hive On Wheels | Recursos en Ruedas","og_description":"Hive On Wheels es un centro de recursos m\u00f3vil que permite a Hively llevar sus servicios a donde quiera que vaya.","og_url":"https:\/\/behively.org\/es\/hive-sobre-ruedas\/","og_site_name":"Hively","article_publisher":"https:\/\/www.facebook.com\/HivelyCommunity","article_modified_time":"2025-07-21T22:49:49+00:00","og_image":[{"url":"https:\/\/behively.org\/wp-content\/uploads\/2025\/06\/HOW-image-3-1-1152x1536.webp","type":"","width":"","height":""}],"twitter_card":"summary_large_image","twitter_site":"@BeHively","twitter_misc":{"Tiempo de lectura":"2 minutos"},"schema":{"@context":"https:\/\/schema.org","@graph":[{"@type":"WebPage","@id":"https:\/\/behively.org\/es\/hive-sobre-ruedas\/","url":"https:\/\/behively.org\/es\/hive-sobre-ruedas\/","name":"Hive On Wheels | Recursos en Ruedas","isPartOf":{"@id":"https:\/\/behively.org\/es\/#website"},"primaryImageOfPage":{"@id":"https:\/\/behively.org\/es\/hive-sobre-ruedas\/#primaryimage"},"image":{"@id":"https:\/\/behively.org\/es\/hive-sobre-ruedas\/#primaryimage"},"thumbnailUrl":"https:\/\/behively.org\/wp-content\/uploads\/2025\/06\/HOW-image-3-1-1152x1536.webp","datePublished":"2025-05-26T03:09:02+00:00","dateModified":"2025-07-21T22:49:49+00:00","description":"Hive On Wheels es un centro de recursos m\u00f3vil que permite a Hively llevar sus servicios a donde quiera que vaya.","breadcrumb":{"@id":"https:\/\/behively.org\/es\/hive-sobre-ruedas\/#breadcrumb"},"inLanguage":"es","potentialAction":[{"@type":"ReadAction","target":["https:\/\/behively.org\/es\/hive-sobre-ruedas\/"]}]},{"@type":"ImageObject","inLanguage":"es","@id":"https:\/\/behively.org\/es\/hive-sobre-ruedas\/#primaryimage","url":"https:\/\/behively.org\/wp-content\/uploads\/2025\/06\/HOW-image-3-1-1152x1536.webp","contentUrl":"https:\/\/behively.org\/wp-content\/uploads\/2025\/06\/HOW-image-3-1-1152x1536.webp"},{"@type":"BreadcrumbList","@id":"https:\/\/behively.org\/es\/hive-sobre-ruedas\/#breadcrumb","itemListElement":[{"@type":"ListItem","position":1,"name":"Home","item":"https:\/\/behively.org\/es\/"},{"@type":"ListItem","position":2,"name":"Hive On Wheels | Recursos en Ruedas"}]},{"@type":"WebSite","@id":"https:\/\/behively.org\/es\/#website","url":"https:\/\/behively.org\/es\/","name":"Hively","description":"","publisher":{"@id":"https:\/\/behively.org\/es\/#organization"},"potentialAction":[{"@type":"SearchAction","target":{"@type":"EntryPoint","urlTemplate":"https:\/\/behively.org\/es\/?s={search_term_string}"},"query-input":{"@type":"PropertyValueSpecification","valueRequired":true,"valueName":"search_term_string"}}],"inLanguage":"es"},{"@type":"Organization","@id":"https:\/\/behively.org\/es\/#organization","name":"Hively","url":"https:\/\/behively.org\/es\/","logo":{"@type":"ImageObject","inLanguage":"es","@id":"https:\/\/behively.org\/es\/#\/schema\/logo\/image\/","url":"https:\/\/behively.org\/wp-content\/uploads\/2025\/04\/hively-logo.webp","contentUrl":"https:\/\/behively.org\/wp-content\/uploads\/2025\/04\/hively-logo.webp","width":559,"height":200,"caption":"Hively"},"image":{"@id":"https:\/\/behively.org\/es\/#\/schema\/logo\/image\/"},"sameAs":["https:\/\/www.facebook.com\/HivelyCommunity","https:\/\/x.com\/BeHively","https:\/\/www.instagram.com\/behively\/","https:\/\/www.linkedin.com\/company\/behively\/about\/"]}]}},"campaignId":"","_links":{"self":[{"href":"https:\/\/behively.org\/es\/wp-json\/wp\/v2\/pages\/9116","targetHints":{"allow":["GET"]}}],"collection":[{"href":"https:\/\/behively.org\/es\/wp-json\/wp\/v2\/pages"}],"about":[{"href":"https:\/\/behively.org\/es\/wp-json\/wp\/v2\/types\/page"}],"author":[{"embeddable":true,"href":"https:\/\/behively.org\/es\/wp-json\/wp\/v2\/users\/3"}],"replies":[{"embeddable":true,"href":"https:\/\/behively.org\/es\/wp-json\/wp\/v2\/comments?post=9116"}],"version-history":[{"count":0,"href":"https:\/\/behively.org\/es\/wp-json\/wp\/v2\/pages\/9116\/revisions"}],"wp:attachment":[{"href":"https:\/\/behively.org\/es\/wp-json\/wp\/v2\/media?parent=9116"}],"curies":[{"name":"wp","href":"https:\/\/api.w.org\/{rel}","templated":true}]}}