{"id":9900,"date":"2025-08-28T14:14:18","date_gmt":"2025-08-28T21:14:18","guid":{"rendered":"https:\/\/behively.org\/?page_id=9900"},"modified":"2025-10-14T11:49:05","modified_gmt":"2025-10-14T18:49:05","slug":"programas-de-apoyo-familiar","status":"publish","type":"page","link":"https:\/\/behively.org\/es\/programas-de-apoyo-familiar\/","title":{"rendered":"Programas de apoyo familiar"},"content":{"rendered":"\t\t<div data-elementor-type=\"wp-page\" data-elementor-id=\"9900\" class=\"elementor elementor-9900 elementor-9899\" data-elementor-post-type=\"page\">\n\t\t\t\t<div class=\"elementor-element elementor-element-2df6de2 page-title e-flex e-con-boxed e-con e-parent\" data-id=\"2df6de2\" data-element_type=\"container\" data-e-type=\"container\" data-settings=\"{&quot;background_background&quot;:&quot;gradient&quot;}\">\n\t\t\t\t\t<div class=\"e-con-inner\">\n\t\t<div class=\"elementor-element elementor-element-0a66954 e-con-full e-flex e-con e-child\" data-id=\"0a66954\" data-element_type=\"container\" data-e-type=\"container\">\n\t\t\t\t<div class=\"elementor-element elementor-element-3054462 elementor-widget elementor-widget-breadcrumbs\" data-id=\"3054462\" data-element_type=\"widget\" data-e-type=\"widget\" data-widget_type=\"breadcrumbs.default\">\n\t\t\t\t\t<div id=\"breadcrumbs\"><span><span><a href=\"https:\/\/behively.org\/es\/\">Home<\/a><\/span><\/span><\/div>\t\t\t\t<\/div>\n\t\t\t\t<div class=\"elementor-element elementor-element-7e7b548 elementor-widget-mobile__width-inherit elementor-widget elementor-widget-heading\" data-id=\"7e7b548\" data-element_type=\"widget\" data-e-type=\"widget\" data-widget_type=\"heading.default\">\n\t\t\t\t\t<h1 class=\"elementor-heading-title elementor-size-default\">Programas de apoyo familiar<\/h1>\t\t\t\t<\/div>\n\t\t\t\t<\/div>\n\t\t\t\t\t<\/div>\n\t\t\t\t<\/div>\n\t\t<div class=\"elementor-element elementor-element-4401767 box-pad e-flex e-con-boxed e-con e-parent\" data-id=\"4401767\" data-element_type=\"container\" data-e-type=\"container\">\n\t\t\t\t\t<div class=\"e-con-inner\">\n\t\t<div class=\"elementor-element elementor-element-45e40ba e-con-full e-flex e-con e-child\" data-id=\"45e40ba\" data-element_type=\"container\" data-e-type=\"container\">\n\t\t\t\t<div class=\"elementor-element elementor-element-3aa2d36 elementor-absolute elementor-widget elementor-widget-image\" data-id=\"3aa2d36\" data-element_type=\"widget\" data-e-type=\"widget\" data-settings=\"{&quot;_position&quot;:&quot;absolute&quot;}\" data-widget_type=\"image.default\">\n\t\t\t\t\t\t\t\t\t\t\t\t\t\t\t<img decoding=\"async\" width=\"1\" height=\"1\" src=\"https:\/\/behively.org\/wp-content\/uploads\/2025\/04\/hex-red.svg\" class=\"attachment-large size-large wp-image-4509\" alt=\"\" \/>\t\t\t\t\t\t\t\t\t\t\t\t\t\t\t<\/div>\n\t\t\t\t<div class=\"elementor-element elementor-element-58c48c0 elementor-widget-mobile__width-inherit elementor-absolute mask-color elementor-widget elementor-widget-image\" data-id=\"58c48c0\" data-element_type=\"widget\" data-e-type=\"widget\" data-settings=\"{&quot;_position&quot;:&quot;absolute&quot;}\" data-widget_type=\"image.default\">\n\t\t\t\t\t\t\t\t\t\t\t\t\t\t\t<img fetchpriority=\"high\" decoding=\"async\" width=\"235\" height=\"300\" src=\"https:\/\/behively.org\/wp-content\/uploads\/2025\/05\/covered-ca.webp\" class=\"attachment-1536x1536 size-1536x1536 wp-image-5537\" alt=\"Covered California Logo\" \/>\t\t\t\t\t\t\t\t\t\t\t\t\t\t\t<\/div>\n\t\t\t\t<\/div>\n\t\t<div class=\"elementor-element elementor-element-b421048 e-con-full e-flex e-con e-child\" data-id=\"b421048\" data-element_type=\"container\" data-e-type=\"container\">\n\t\t\t\t<div class=\"elementor-element elementor-element-30b9e37 elementor-widget-tablet__width-inherit elementor-cta--skin-classic elementor-animated-content elementor-bg-transform elementor-bg-transform-zoom-in elementor-widget elementor-widget-call-to-action\" data-id=\"30b9e37\" data-element_type=\"widget\" data-e-type=\"widget\" data-widget_type=\"call-to-action.default\">\n\t\t\t\t\t\t\t<div class=\"elementor-cta\">\n\t\t\t\t\t\t\t<div class=\"elementor-cta__content\">\n\t\t\t\t\n\t\t\t\t\t\t\t\t\t<h2 class=\"elementor-cta__title elementor-cta__content-item elementor-content-item\">\n\t\t\t\t\t\tInformaci\u00f3n de Covered CA\t\t\t\t\t<\/h2>\n\t\t\t\t\n\t\t\t\t\t\t\t\t\t<div class=\"elementor-cta__description elementor-cta__content-item elementor-content-item\">\n\t\t\t\t\t\tVisita nuestra p\u00e1gina de Covered California para conocer c\u00f3mo Hively puede ayudarte a inscribirte en un seguro m\u00e9dico a trav\u00e9s del mercado de salud del estado. \t\t\t\t\t<\/div>\n\t\t\t\t\n\t\t\t\t\t\t\t\t\t<div class=\"elementor-cta__button-wrapper elementor-cta__content-item elementor-content-item \">\n\t\t\t\t\t<a class=\"elementor-cta__button elementor-button elementor-size-\" href=\"https:\/\/behively.org\/es\/california-cubierta\/\">\n\t\t\t\t\t\tM\u00e1s informaci\u00f3n\t\t\t\t\t<\/a>\n\t\t\t\t\t<\/div>\n\t\t\t\t\t\t\t<\/div>\n\t\t\t\t\t\t<\/div>\n\t\t\t\t\t\t<\/div>\n\t\t\t\t<\/div>\n\t\t\t\t\t<\/div>\n\t\t\t\t<\/div>\n\t\t<div class=\"elementor-element elementor-element-99aa0b1 box-pad e-flex e-con-boxed e-con e-parent\" data-id=\"99aa0b1\" data-element_type=\"container\" data-e-type=\"container\">\n\t\t\t\t\t<div class=\"e-con-inner\">\n\t\t<div class=\"elementor-element elementor-element-af848a7 e-con-full e-flex e-con e-child\" data-id=\"af848a7\" data-element_type=\"container\" data-e-type=\"container\">\n\t\t\t\t<div class=\"elementor-element elementor-element-25a9d02 elementor-absolute elementor-widget elementor-widget-image\" data-id=\"25a9d02\" data-element_type=\"widget\" data-e-type=\"widget\" data-settings=\"{&quot;_position&quot;:&quot;absolute&quot;}\" data-widget_type=\"image.default\">\n\t\t\t\t\t\t\t\t\t\t\t\t\t\t\t<img decoding=\"async\" width=\"1\" height=\"1\" src=\"https:\/\/behively.org\/wp-content\/uploads\/2025\/04\/hex-red.svg\" class=\"attachment-large size-large wp-image-4509\" alt=\"\" \/>\t\t\t\t\t\t\t\t\t\t\t\t\t\t\t<\/div>\n\t\t\t\t<div class=\"elementor-element elementor-element-41e0b79 elementor-widget-mobile__width-inherit elementor-absolute mask-color elementor-widget elementor-widget-image\" data-id=\"41e0b79\" data-element_type=\"widget\" data-e-type=\"widget\" data-settings=\"{&quot;_position&quot;:&quot;absolute&quot;}\" data-widget_type=\"image.default\">\n\t\t\t\t\t\t\t\t\t\t\t\t\t\t\t<img decoding=\"async\" width=\"1000\" height=\"382\" src=\"https:\/\/behively.org\/wp-content\/uploads\/2025\/08\/CalFresh_Outline.webp\" class=\"attachment-1536x1536 size-1536x1536 wp-image-9896\" alt=\"\" srcset=\"https:\/\/behively.org\/wp-content\/uploads\/2025\/08\/CalFresh_Outline.webp 1000w, https:\/\/behively.org\/wp-content\/uploads\/2025\/08\/CalFresh_Outline-300x115.webp 300w, https:\/\/behively.org\/wp-content\/uploads\/2025\/08\/CalFresh_Outline-768x293.webp 768w\" sizes=\"(max-width: 1000px) 100vw, 1000px\" \/>\t\t\t\t\t\t\t\t\t\t\t\t\t\t\t<\/div>\n\t\t\t\t<\/div>\n\t\t<div class=\"elementor-element elementor-element-016040c e-con-full e-flex e-con e-child\" data-id=\"016040c\" data-element_type=\"container\" data-e-type=\"container\">\n\t\t\t\t<div class=\"elementor-element elementor-element-b331a5e elementor-widget-tablet__width-inherit elementor-cta--skin-classic elementor-animated-content elementor-bg-transform elementor-bg-transform-zoom-in elementor-widget elementor-widget-call-to-action\" data-id=\"b331a5e\" data-element_type=\"widget\" data-e-type=\"widget\" data-widget_type=\"call-to-action.default\">\n\t\t\t\t\t\t\t<div class=\"elementor-cta\">\n\t\t\t\t\t\t\t<div class=\"elementor-cta__content\">\n\t\t\t\t\n\t\t\t\t\t\t\t\t\t<h2 class=\"elementor-cta__title elementor-cta__content-item elementor-content-item\">\n\t\t\t\t\t\tInformaci\u00f3n de CalFresh\t\t\t\t\t<\/h2>\n\t\t\t\t\n\t\t\t\t\t\t\t\t\t<div class=\"elementor-cta__description elementor-cta__content-item elementor-content-item\">\n\t\t\t\t\t\tVisita nuestra p\u00e1gina de CalFresh para conocer c\u00f3mo Hively puede ayudarte a solicitar beneficios de asistencia nutricional.\t\t\t\t\t<\/div>\n\t\t\t\t\n\t\t\t\t\t\t\t\t\t<div class=\"elementor-cta__button-wrapper elementor-cta__content-item elementor-content-item \">\n\t\t\t\t\t<a class=\"elementor-cta__button elementor-button elementor-size-\" href=\"https:\/\/behively.org\/es\/calfresh\/\">\n\t\t\t\t\t\tM\u00e1s informaci\u00f3n\t\t\t\t\t<\/a>\n\t\t\t\t\t<\/div>\n\t\t\t\t\t\t\t<\/div>\n\t\t\t\t\t\t<\/div>\n\t\t\t\t\t\t<\/div>\n\t\t\t\t<\/div>\n\t\t\t\t\t<\/div>\n\t\t\t\t<\/div>\n\t\t<div class=\"elementor-element elementor-element-a7fc410 box-pad e-flex e-con-boxed e-con e-parent\" data-id=\"a7fc410\" data-element_type=\"container\" data-e-type=\"container\">\n\t\t\t\t\t<div class=\"e-con-inner\">\n\t\t<div class=\"elementor-element elementor-element-58a7120 e-con-full e-flex e-con e-child\" data-id=\"58a7120\" data-element_type=\"container\" data-e-type=\"container\">\n\t\t\t\t<div class=\"elementor-element elementor-element-f5c7301 elementor-absolute elementor-widget elementor-widget-image\" data-id=\"f5c7301\" data-element_type=\"widget\" data-e-type=\"widget\" data-settings=\"{&quot;_position&quot;:&quot;absolute&quot;}\" data-widget_type=\"image.default\">\n\t\t\t\t\t\t\t\t\t\t\t\t\t\t\t<img decoding=\"async\" width=\"1\" height=\"1\" src=\"https:\/\/behively.org\/wp-content\/uploads\/2025\/04\/hex-red.svg\" class=\"attachment-large size-large wp-image-4509\" alt=\"\" \/>\t\t\t\t\t\t\t\t\t\t\t\t\t\t\t<\/div>\n\t\t\t\t<div class=\"elementor-element elementor-element-03b8fb5 elementor-widget-mobile__width-inherit elementor-absolute mask-color elementor-widget elementor-widget-image\" data-id=\"03b8fb5\" data-element_type=\"widget\" data-e-type=\"widget\" data-settings=\"{&quot;_position&quot;:&quot;absolute&quot;}\" data-widget_type=\"image.default\">\n\t\t\t\t\t\t\t\t\t\t\t\t\t\t\t<img loading=\"lazy\" decoding=\"async\" width=\"716\" height=\"262\" src=\"https:\/\/behively.org\/wp-content\/uploads\/2025\/09\/oakland-promise-brilliant-baby-logo.webp\" class=\"attachment-full size-full wp-image-10008\" alt=\"Oakland promise brilliant baby logo\" srcset=\"https:\/\/behively.org\/wp-content\/uploads\/2025\/09\/oakland-promise-brilliant-baby-logo.webp 716w, https:\/\/behively.org\/wp-content\/uploads\/2025\/09\/oakland-promise-brilliant-baby-logo-300x110.webp 300w\" sizes=\"(max-width: 716px) 100vw, 716px\" \/>\t\t\t\t\t\t\t\t\t\t\t\t\t\t\t<\/div>\n\t\t\t\t<\/div>\n\t\t<div class=\"elementor-element elementor-element-3ef0219 e-con-full e-flex e-con e-child\" data-id=\"3ef0219\" data-element_type=\"container\" data-e-type=\"container\">\n\t\t\t\t<div class=\"elementor-element elementor-element-eccc47a elementor-widget-tablet__width-inherit elementor-cta--skin-classic elementor-animated-content elementor-bg-transform elementor-bg-transform-zoom-in elementor-widget elementor-widget-call-to-action\" data-id=\"eccc47a\" data-element_type=\"widget\" data-e-type=\"widget\" data-widget_type=\"call-to-action.default\">\n\t\t\t\t\t\t\t<div class=\"elementor-cta\">\n\t\t\t\t\t\t\t<div class=\"elementor-cta__content\">\n\t\t\t\t\n\t\t\t\t\t\t\t\t\t<h2 class=\"elementor-cta__title elementor-cta__content-item elementor-content-item\">\n\t\t\t\t\t\tBrilliant Baby Information\t\t\t\t\t<\/h2>\n\t\t\t\t\n\t\t\t\t\t\t\t\t\t<div class=\"elementor-cta__description elementor-cta__content-item elementor-content-item\">\n\t\t\t\t\t\tOakland parents! Visit our Brilliant Baby page to learn how Hively can help enroll your baby or toddler in a FREE college savings plan.\t\t\t\t\t<\/div>\n\t\t\t\t\n\t\t\t\t\t\t\t\t\t<div class=\"elementor-cta__button-wrapper elementor-cta__content-item elementor-content-item \">\n\t\t\t\t\t<a class=\"elementor-cta__button elementor-button elementor-size-\" href=\"https:\/\/behively.org\/es\/calfresh-2\/\">\n\t\t\t\t\t\tLearn More\t\t\t\t\t<\/a>\n\t\t\t\t\t<\/div>\n\t\t\t\t\t\t\t<\/div>\n\t\t\t\t\t\t<\/div>\n\t\t\t\t\t\t<\/div>\n\t\t\t\t<\/div>\n\t\t\t\t\t<\/div>\n\t\t\t\t<\/div>\n\t\t<div class=\"elementor-element elementor-element-c6406a9 e-flex e-con-boxed e-con e-parent\" data-id=\"c6406a9\" data-element_type=\"container\" data-e-type=\"container\">\n\t\t\t\t\t<div class=\"e-con-inner\">\n\t\t\t\t<div class=\"elementor-element elementor-element-4028c1c elementor-widget elementor-widget-spacer\" data-id=\"4028c1c\" data-element_type=\"widget\" data-e-type=\"widget\" data-widget_type=\"spacer.default\">\n\t\t\t\t\t\t\t<div class=\"elementor-spacer\">\n\t\t\t<div class=\"elementor-spacer-inner\"><\/div>\n\t\t<\/div>\n\t\t\t\t\t\t<\/div>\n\t\t\t\t\t<\/div>\n\t\t\t\t<\/div>\n\t\t\t\t<\/div>\n\t\t","protected":false},"excerpt":{"rendered":"<p>Informaci\u00f3n de Covered CA Visita nuestra p\u00e1gina de Covered California para conocer c\u00f3mo Hively puede ayudarte a inscribirte en un seguro m\u00e9dico a trav\u00e9s del mercado de salud del estado. [&hellip;]<\/p>\n","protected":false},"author":3,"featured_media":7035,"parent":0,"menu_order":0,"comment_status":"closed","ping_status":"closed","template":"","meta":{"_acf_changed":false,"give_campaign_id":0,"_monsterinsights_skip_tracking":false,"_monsterinsights_sitenote_active":false,"_monsterinsights_sitenote_note":"","_monsterinsights_sitenote_category":0,"footnotes":"","_links_to":"","_links_to_target":""},"class_list":["post-9900","page","type-page","status-publish","has-post-thumbnail","hentry"],"acf":[],"yoast_head":"<!-- This site is optimized with the Yoast SEO plugin v27.3 - https:\/\/yoast.com\/product\/yoast-seo-wordpress\/ -->\n<title>Programas de Apoyo Familiar Hively<\/title>\n<meta name=\"description\" content=\"Hively construye relaciones importantes con las familias y comunidades, garantizando el acceso a los recursos que todos los ni\u00f1os del condado de Alameda necesitan para tener \u00e9xito.\" \/>\n<meta name=\"robots\" content=\"index, follow, max-snippet:-1, max-image-preview:large, max-video-preview:-1\" \/>\n<link rel=\"canonical\" href=\"https:\/\/behively.org\/es\/programas-de-apoyo-familiar\/\" \/>\n<meta property=\"og:locale\" content=\"es_ES\" \/>\n<meta property=\"og:type\" content=\"article\" \/>\n<meta property=\"og:title\" content=\"Programas de Apoyo Familiar Hively\" \/>\n<meta property=\"og:description\" content=\"Hively construye relaciones importantes con las familias y comunidades, garantizando el acceso a los recursos que todos los ni\u00f1os del condado de Alameda necesitan para tener \u00e9xito.\" \/>\n<meta property=\"og:url\" content=\"https:\/\/behively.org\/es\/programas-de-apoyo-familiar\/\" \/>\n<meta property=\"og:site_name\" content=\"Hively\" \/>\n<meta property=\"article:publisher\" content=\"https:\/\/www.facebook.com\/HivelyCommunity\" \/>\n<meta property=\"article:modified_time\" content=\"2025-10-14T18:49:05+00:00\" \/>\n<meta property=\"og:image\" content=\"https:\/\/behively.org\/wp-content\/uploads\/2025\/06\/istockphoto-1159206792-612x612-1-300x225-1.webp\" \/>\n\t<meta property=\"og:image:width\" content=\"300\" \/>\n\t<meta property=\"og:image:height\" content=\"225\" \/>\n\t<meta property=\"og:image:type\" content=\"image\/webp\" \/>\n<meta name=\"twitter:card\" content=\"summary_large_image\" \/>\n<meta name=\"twitter:site\" content=\"@BeHively\" \/>\n<script type=\"application\/ld+json\" class=\"yoast-schema-graph\">{\"@context\":\"https:\\\/\\\/schema.org\",\"@graph\":[{\"@type\":\"WebPage\",\"@id\":\"https:\\\/\\\/behively.org\\\/es\\\/programas-de-apoyo-familiar\\\/\",\"url\":\"https:\\\/\\\/behively.org\\\/es\\\/programas-de-apoyo-familiar\\\/\",\"name\":\"Programas de Apoyo Familiar Hively\",\"isPartOf\":{\"@id\":\"https:\\\/\\\/behively.org\\\/es\\\/#website\"},\"primaryImageOfPage\":{\"@id\":\"https:\\\/\\\/behively.org\\\/es\\\/programas-de-apoyo-familiar\\\/#primaryimage\"},\"image\":{\"@id\":\"https:\\\/\\\/behively.org\\\/es\\\/programas-de-apoyo-familiar\\\/#primaryimage\"},\"thumbnailUrl\":\"https:\\\/\\\/behively.org\\\/wp-content\\\/uploads\\\/2025\\\/06\\\/istockphoto-1159206792-612x612-1-300x225-1.webp\",\"datePublished\":\"2025-08-28T21:14:18+00:00\",\"dateModified\":\"2025-10-14T18:49:05+00:00\",\"description\":\"Hively construye relaciones importantes con las familias y comunidades, garantizando el acceso a los recursos que todos los ni\u00f1os del condado de Alameda necesitan para tener \u00e9xito.\",\"breadcrumb\":{\"@id\":\"https:\\\/\\\/behively.org\\\/es\\\/programas-de-apoyo-familiar\\\/#breadcrumb\"},\"inLanguage\":\"es\",\"potentialAction\":[{\"@type\":\"ReadAction\",\"target\":[\"https:\\\/\\\/behively.org\\\/es\\\/programas-de-apoyo-familiar\\\/\"]}]},{\"@type\":\"ImageObject\",\"inLanguage\":\"es\",\"@id\":\"https:\\\/\\\/behively.org\\\/es\\\/programas-de-apoyo-familiar\\\/#primaryimage\",\"url\":\"https:\\\/\\\/behively.org\\\/wp-content\\\/uploads\\\/2025\\\/06\\\/istockphoto-1159206792-612x612-1-300x225-1.webp\",\"contentUrl\":\"https:\\\/\\\/behively.org\\\/wp-content\\\/uploads\\\/2025\\\/06\\\/istockphoto-1159206792-612x612-1-300x225-1.webp\",\"width\":300,\"height\":225},{\"@type\":\"BreadcrumbList\",\"@id\":\"https:\\\/\\\/behively.org\\\/es\\\/programas-de-apoyo-familiar\\\/#breadcrumb\",\"itemListElement\":[{\"@type\":\"ListItem\",\"position\":1,\"name\":\"Home\",\"item\":\"https:\\\/\\\/behively.org\\\/es\\\/\"},{\"@type\":\"ListItem\",\"position\":2,\"name\":\"Programas de apoyo familiar\"}]},{\"@type\":\"WebSite\",\"@id\":\"https:\\\/\\\/behively.org\\\/es\\\/#website\",\"url\":\"https:\\\/\\\/behively.org\\\/es\\\/\",\"name\":\"Hively\",\"description\":\"\",\"publisher\":{\"@id\":\"https:\\\/\\\/behively.org\\\/es\\\/#organization\"},\"potentialAction\":[{\"@type\":\"SearchAction\",\"target\":{\"@type\":\"EntryPoint\",\"urlTemplate\":\"https:\\\/\\\/behively.org\\\/es\\\/?s={search_term_string}\"},\"query-input\":{\"@type\":\"PropertyValueSpecification\",\"valueRequired\":true,\"valueName\":\"search_term_string\"}}],\"inLanguage\":\"es\"},{\"@type\":\"Organization\",\"@id\":\"https:\\\/\\\/behively.org\\\/es\\\/#organization\",\"name\":\"Hively\",\"url\":\"https:\\\/\\\/behively.org\\\/es\\\/\",\"logo\":{\"@type\":\"ImageObject\",\"inLanguage\":\"es\",\"@id\":\"https:\\\/\\\/behively.org\\\/es\\\/#\\\/schema\\\/logo\\\/image\\\/\",\"url\":\"https:\\\/\\\/behively.org\\\/wp-content\\\/uploads\\\/2025\\\/04\\\/hively-logo.webp\",\"contentUrl\":\"https:\\\/\\\/behively.org\\\/wp-content\\\/uploads\\\/2025\\\/04\\\/hively-logo.webp\",\"width\":559,\"height\":200,\"caption\":\"Hively\"},\"image\":{\"@id\":\"https:\\\/\\\/behively.org\\\/es\\\/#\\\/schema\\\/logo\\\/image\\\/\"},\"sameAs\":[\"https:\\\/\\\/www.facebook.com\\\/HivelyCommunity\",\"https:\\\/\\\/x.com\\\/BeHively\",\"https:\\\/\\\/www.instagram.com\\\/behively\\\/\",\"https:\\\/\\\/www.linkedin.com\\\/company\\\/behively\\\/about\\\/\"]}]}<\/script>\n<!-- \/ Yoast SEO plugin. -->","yoast_head_json":{"title":"Programas de Apoyo Familiar Hively","description":"Hively construye relaciones importantes con las familias y comunidades, garantizando el acceso a los recursos que todos los ni\u00f1os del condado de Alameda necesitan para tener \u00e9xito.","robots":{"index":"index","follow":"follow","max-snippet":"max-snippet:-1","max-image-preview":"max-image-preview:large","max-video-preview":"max-video-preview:-1"},"canonical":"https:\/\/behively.org\/es\/programas-de-apoyo-familiar\/","og_locale":"es_ES","og_type":"article","og_title":"Programas de Apoyo Familiar Hively","og_description":"Hively construye relaciones importantes con las familias y comunidades, garantizando el acceso a los recursos que todos los ni\u00f1os del condado de Alameda necesitan para tener \u00e9xito.","og_url":"https:\/\/behively.org\/es\/programas-de-apoyo-familiar\/","og_site_name":"Hively","article_publisher":"https:\/\/www.facebook.com\/HivelyCommunity","article_modified_time":"2025-10-14T18:49:05+00:00","og_image":[{"width":300,"height":225,"url":"https:\/\/behively.org\/wp-content\/uploads\/2025\/06\/istockphoto-1159206792-612x612-1-300x225-1.webp","type":"image\/webp"}],"twitter_card":"summary_large_image","twitter_site":"@BeHively","schema":{"@context":"https:\/\/schema.org","@graph":[{"@type":"WebPage","@id":"https:\/\/behively.org\/es\/programas-de-apoyo-familiar\/","url":"https:\/\/behively.org\/es\/programas-de-apoyo-familiar\/","name":"Programas de Apoyo Familiar Hively","isPartOf":{"@id":"https:\/\/behively.org\/es\/#website"},"primaryImageOfPage":{"@id":"https:\/\/behively.org\/es\/programas-de-apoyo-familiar\/#primaryimage"},"image":{"@id":"https:\/\/behively.org\/es\/programas-de-apoyo-familiar\/#primaryimage"},"thumbnailUrl":"https:\/\/behively.org\/wp-content\/uploads\/2025\/06\/istockphoto-1159206792-612x612-1-300x225-1.webp","datePublished":"2025-08-28T21:14:18+00:00","dateModified":"2025-10-14T18:49:05+00:00","description":"Hively construye relaciones importantes con las familias y comunidades, garantizando el acceso a los recursos que todos los ni\u00f1os del condado de Alameda necesitan para tener \u00e9xito.","breadcrumb":{"@id":"https:\/\/behively.org\/es\/programas-de-apoyo-familiar\/#breadcrumb"},"inLanguage":"es","potentialAction":[{"@type":"ReadAction","target":["https:\/\/behively.org\/es\/programas-de-apoyo-familiar\/"]}]},{"@type":"ImageObject","inLanguage":"es","@id":"https:\/\/behively.org\/es\/programas-de-apoyo-familiar\/#primaryimage","url":"https:\/\/behively.org\/wp-content\/uploads\/2025\/06\/istockphoto-1159206792-612x612-1-300x225-1.webp","contentUrl":"https:\/\/behively.org\/wp-content\/uploads\/2025\/06\/istockphoto-1159206792-612x612-1-300x225-1.webp","width":300,"height":225},{"@type":"BreadcrumbList","@id":"https:\/\/behively.org\/es\/programas-de-apoyo-familiar\/#breadcrumb","itemListElement":[{"@type":"ListItem","position":1,"name":"Home","item":"https:\/\/behively.org\/es\/"},{"@type":"ListItem","position":2,"name":"Programas de apoyo familiar"}]},{"@type":"WebSite","@id":"https:\/\/behively.org\/es\/#website","url":"https:\/\/behively.org\/es\/","name":"Hively","description":"","publisher":{"@id":"https:\/\/behively.org\/es\/#organization"},"potentialAction":[{"@type":"SearchAction","target":{"@type":"EntryPoint","urlTemplate":"https:\/\/behively.org\/es\/?s={search_term_string}"},"query-input":{"@type":"PropertyValueSpecification","valueRequired":true,"valueName":"search_term_string"}}],"inLanguage":"es"},{"@type":"Organization","@id":"https:\/\/behively.org\/es\/#organization","name":"Hively","url":"https:\/\/behively.org\/es\/","logo":{"@type":"ImageObject","inLanguage":"es","@id":"https:\/\/behively.org\/es\/#\/schema\/logo\/image\/","url":"https:\/\/behively.org\/wp-content\/uploads\/2025\/04\/hively-logo.webp","contentUrl":"https:\/\/behively.org\/wp-content\/uploads\/2025\/04\/hively-logo.webp","width":559,"height":200,"caption":"Hively"},"image":{"@id":"https:\/\/behively.org\/es\/#\/schema\/logo\/image\/"},"sameAs":["https:\/\/www.facebook.com\/HivelyCommunity","https:\/\/x.com\/BeHively","https:\/\/www.instagram.com\/behively\/","https:\/\/www.linkedin.com\/company\/behively\/about\/"]}]}},"campaignId":"","_links":{"self":[{"href":"https:\/\/behively.org\/es\/wp-json\/wp\/v2\/pages\/9900","targetHints":{"allow":["GET"]}}],"collection":[{"href":"https:\/\/behively.org\/es\/wp-json\/wp\/v2\/pages"}],"about":[{"href":"https:\/\/behively.org\/es\/wp-json\/wp\/v2\/types\/page"}],"author":[{"embeddable":true,"href":"https:\/\/behively.org\/es\/wp-json\/wp\/v2\/users\/3"}],"replies":[{"embeddable":true,"href":"https:\/\/behively.org\/es\/wp-json\/wp\/v2\/comments?post=9900"}],"version-history":[{"count":0,"href":"https:\/\/behively.org\/es\/wp-json\/wp\/v2\/pages\/9900\/revisions"}],"wp:featuredmedia":[{"embeddable":true,"href":"https:\/\/behively.org\/es\/wp-json\/wp\/v2\/media\/7035"}],"wp:attachment":[{"href":"https:\/\/behively.org\/es\/wp-json\/wp\/v2\/media?parent=9900"}],"curies":[{"name":"wp","href":"https:\/\/api.w.org\/{rel}","templated":true}]}}